{"id":7,"date":"2017-11-03T20:44:24","date_gmt":"2017-11-03T20:44:24","guid":{"rendered":"http:\/\/lavozdelnapo.com\/?page_id=7"},"modified":"2024-06-28T21:10:01","modified_gmt":"2024-06-28T21:10:01","slug":"inicio","status":"publish","type":"page","link":"https:\/\/lavozdelnapo.com\/index.php\/inicio\/","title":{"rendered":"COMPARTICI\u00d3N"},"content":{"rendered":"<p><b>ACUERDO B\u00c1SICO DE \u00a0COMPARTICI\u00d3N DE INFRAESTRUCTURA F\u00cdSICA CON RADIO ORIENTAL.<\/b><\/p>\n<p><strong>CONDICIONES GENERALES.-<\/strong><\/p>\n<p>Radio Oriental de\u00a0 Tena el 16 de enero de 2004 obtuvo un terreno de 225 m2, mediante escritura p\u00fablica por comodato del Gobierno Municipal de Tena para el montaje de una torre y la \u00a0construcci\u00f3n de una caseta de hormig\u00f3n en la v\u00eda Shinquipino en el Cerro Mirador.<\/p>\n<p>El Municipio de Tena considerando el oficio N\u00b0 120-MJ-MP del 26 de agosto de 2005,suscrito por Monse\u00f1or Paolo Mietto, Obispo Vicario Apost\u00f3lico de Napo\u00a0 em\u00e9rito solicito que se autorice ocupar el \u00e1rea de terreno otorgada en comodato a Radio Oriental, para instalar las antenas transmisoras de Radio Voz del Napo. El Municipio de Tena RESOLVI\u00d3-\u00a0 Autorizar a la Misi\u00f3n Josefina la ocupaci\u00f3n de un espacio de terreno el 15 de septiembre de 2005.<\/p>\n<p>Con fecha 20 de septiembre de 2005 se suscribe un convenio entre\u00a0 Radio Oriental y la Radio Voz del Napo, en donde se especifica las condiciones para la instalaci\u00f3n de la las antenas en la torre de Radio Oriental, as\u00ed como la construcci\u00f3n compartida de la caseta para los transmisores.<\/p>\n<p><strong>INFRAESTRUCTURA.-<\/strong><\/p>\n<p>Una vez elaborado el acuerdo entre Radio Oriental y la Radio La Voz del Napo ue la torre tiene una altura de 40mts con un terreno 640mts sobre el nivel del mar, m\u00e1s la antena 40mts dando un total de 680mts sobre el nivel del mar, en la parte alta se encuentra las antenas de Radio Oriental en 89.7 MHz y en la parte media de Radio la Voz del Napo 88.5 MHz.<\/p>\n<p>Con respecto a la caseta de los transmisores tenemos una construcci\u00f3n de 2.60 x 5.10m2 repartidos en 2.55 x 2.60 m2, que hemos construido en forma compartida de acuerdo al convenio suscrito entre las dos emisoras y se encuentra con longitud 77\u00b0 47\u2019 48\u00b4\u00b4 y una latitud 0\u00b0 59\u00b4 27\u00b4\u00b4 Sur.<\/p>\n<p><strong>T\u00c9RMINOS ECON\u00d3MICOS.-<\/strong><\/p>\n<p>Los servicios b\u00e1sicos se pagan por separado, como la energ\u00eda de acuerdo al convenio, el desbroce se realiza alternadamente las dos emisoras, as\u00ed como la pintura y el mantenimiento. No pagamos arriendo al Municipio de Tena, puesto que tenemos un comodato.<\/p>\n","protected":false},"excerpt":{"rendered":"<p>ACUERDO B\u00c1SICO DE \u00a0COMPARTICI\u00d3N DE INFRAESTRUCTURA F\u00cdSICA CON RADIO ORIENTAL. CONDICIONES GENERALES.- Radio Oriental de\u00a0 Tena el 16 de enero de 2004 obtuvo un terreno de 225 m2, mediante escritura p\u00fablica por comodato del Gobierno Municipal de Tena para el montaje de una torre y la \u00a0construcci\u00f3n de una caseta de hormig\u00f3n en la v\u00eda &hellip; <\/p>\n<p class=\"link-more\"><a href=\"https:\/\/lavozdelnapo.com\/index.php\/inicio\/\" class=\"more-link\">Continuar leyendo<span class=\"screen-reader-text\"> \u00abCOMPARTICI\u00d3N\u00bb<\/span><\/a><\/p>\n","protected":false},"author":1,"featured_media":0,"parent":0,"menu_order":0,"comment_status":"closed","ping_status":"closed","template":"","meta":{"footnotes":""},"class_list":["post-7","page","type-page","status-publish","hentry"],"_links":{"self":[{"href":"https:\/\/lavozdelnapo.com\/index.php\/wp-json\/wp\/v2\/pages\/7","targetHints":{"allow":["GET"]}}],"collection":[{"href":"https:\/\/lavozdelnapo.com\/index.php\/wp-json\/wp\/v2\/pages"}],"about":[{"href":"https:\/\/lavozdelnapo.com\/index.php\/wp-json\/wp\/v2\/types\/page"}],"author":[{"embeddable":true,"href":"https:\/\/lavozdelnapo.com\/index.php\/wp-json\/wp\/v2\/users\/1"}],"replies":[{"embeddable":true,"href":"https:\/\/lavozdelnapo.com\/index.php\/wp-json\/wp\/v2\/comments?post=7"}],"version-history":[{"count":12,"href":"https:\/\/lavozdelnapo.com\/index.php\/wp-json\/wp\/v2\/pages\/7\/revisions"}],"predecessor-version":[{"id":4699,"href":"https:\/\/lavozdelnapo.com\/index.php\/wp-json\/wp\/v2\/pages\/7\/revisions\/4699"}],"wp:attachment":[{"href":"https:\/\/lavozdelnapo.com\/index.php\/wp-json\/wp\/v2\/media?parent=7"}],"curies":[{"name":"wp","href":"https:\/\/api.w.org\/{rel}","templated":true}]}}